{"id":156,"date":"2015-11-24T20:18:22","date_gmt":"2015-11-24T19:18:22","guid":{"rendered":"http:\/\/crcb.org\/?p=3"},"modified":"2015-11-24T20:18:22","modified_gmt":"2015-11-24T19:18:22","slug":"2-autosave","status":"publish","type":"page","link":"https:\/\/crcb.org\/index.php\/page-d-exemple\/2-autosave\/","title":{"rendered":"PRESENTATION CRCB"},"content":{"rendered":"<p>Bienvenue sur ce site collaboratif !<\/p>\n<p>J&#8217;ai souhait\u00e9 cr\u00e9er cet espace afin de regrouper sur un site web, un maximum de ressources provenant de sources vari\u00e9es, autour de la canne et du b\u00e2ton. C&#8217;est apr\u00e9s de nombreuses ann\u00e9es pass\u00e9es \u00e0 diriger une association sportive de canne d&#8217;arme et b\u00e2ton, \u00e0 enseigner et pratiquer ces disciplines particuli\u00e8rement riches et extra-ordinaires, que j&#8217;ai souhait\u00e9 regrouper tout ce qui touche \u00e0 la canne et au b\u00e2ton, en associant tous mes amis artistes, historiens, sportifs&#8230;\u00e0 ce projet. Comme vous le constaterez, l&#8217;un de nos plus importants contributeurs, Laurent Bastard participe tous les jours au d\u00e9veloppement de ce site en apportant de tr\u00e8s nombreux articles \u00e0 la fois \u00e9rudits et d&#8217;une clart\u00e9 redoutable. <\/p>\n<p>Ce site web a \u00e9t\u00e9 cr\u00e9\u00e9 en format blog, afin de permettre l&#8217;\u00e9change, le partage. Toute personne souhaitant contribuer \u00e0 ce projet est pri\u00e9e de me contacter par e-mail (<a href=\"mailto:contact@crcb.org\">contact@crcb.org<\/a>) en m&#8217;envoyant ses documents (articles, photos, liens, pdf&#8230;).  Selon l&#8217;int\u00e9r\u00eat et la pertinence des contributions, je les publierai bien entendu, en notant toutes les r\u00e9f\u00e9rences n\u00e9cessaires, ainsi que les coordonn\u00e9es de l&#8217;auteur.<\/p>\n<p>J&#8217;esp\u00e8re que ce projet, enti\u00e8rement b\u00e9n\u00e9vole et \u00e0 but non lucratif pourra permettre de d\u00e9velopper la connaissance sur la canne, sur le b\u00e2ton, accessoires qui nous accompagnent depuis si longtemps dans notre vie !<\/p>\n<p>Merci pour votre participation.<\/p>\n<p>Fr\u00e9d\u00e9ric Morin<br \/>\nPr\u00e9sident ASCA PARIS<br \/>\nMembre de l&#8217;Office Mouvement Sportif Paris11<br \/>\nM\u00e9daill\u00e9 Jeunesse et Sports et Vie Associative<br \/>\nM\u00e9daill\u00e9 Ville de Paris<br \/>\nProfesseur Brevet\u00e9 d&#8217;Etat Canne et B\u00e2ton<br \/>\nResponsable formation Canne et B\u00e2ton fran\u00e7ais \u00e0 l&#8217;Ufolep <\/p>\n","protected":false},"excerpt":{"rendered":"<p>Bienvenue sur ce site collaboratif ! J&#8217;ai souhait\u00e9 cr\u00e9er cet espace afin de regrouper sur un site web, un maximum de ressources provenant de sources vari\u00e9es, autour de la canne et du b\u00e2ton. C&#8217;est apr\u00e9s de nombreuses ann\u00e9es pass\u00e9es \u00e0 diriger une association sportive de canne d&#8217;arme et b\u00e2ton, \u00e0 enseigner et pratiquer ces disciplines [&hellip;]<\/p>\n","protected":false},"author":1,"featured_media":0,"parent":2,"menu_order":0,"comment_status":"open","ping_status":"open","template":"","meta":{"footnotes":""},"class_list":["post-156","page","type-page","status-publish","hentry"],"_links":{"self":[{"href":"https:\/\/crcb.org\/index.php\/wp-json\/wp\/v2\/pages\/156","targetHints":{"allow":["GET"]}}],"collection":[{"href":"https:\/\/crcb.org\/index.php\/wp-json\/wp\/v2\/pages"}],"about":[{"href":"https:\/\/crcb.org\/index.php\/wp-json\/wp\/v2\/types\/page"}],"author":[{"embeddable":true,"href":"https:\/\/crcb.org\/index.php\/wp-json\/wp\/v2\/users\/1"}],"replies":[{"embeddable":true,"href":"https:\/\/crcb.org\/index.php\/wp-json\/wp\/v2\/comments?post=156"}],"version-history":[{"count":0,"href":"https:\/\/crcb.org\/index.php\/wp-json\/wp\/v2\/pages\/156\/revisions"}],"up":[{"embeddable":true,"href":"https:\/\/crcb.org\/index.php\/wp-json\/wp\/v2\/pages\/2"}],"wp:attachment":[{"href":"https:\/\/crcb.org\/index.php\/wp-json\/wp\/v2\/media?parent=156"}],"curies":[{"name":"wp","href":"https:\/\/api.w.org\/{rel}","templated":true}]}}